{"id":3710,"date":"2023-04-04T10:28:15","date_gmt":"2023-04-04T10:28:15","guid":{"rendered":"https:\/\/sclconsultores.com\/venda-de-licencas\/"},"modified":"2023-06-26T02:07:51","modified_gmt":"2023-06-26T02:07:51","slug":"venda-de-licencas","status":"publish","type":"page","link":"https:\/\/sclconsultores.com\/pt-br\/venda-de-licencas\/","title":{"rendered":"Venda de licen\u00e7as"},"content":{"rendered":"\t\t<div data-elementor-type=\"wp-page\" data-elementor-id=\"3710\" class=\"elementor elementor-3710 elementor-3280\">\n\t\t\t\t\t\t<section class=\"elementor-section elementor-top-section elementor-element elementor-element-9091b8f elementor-section-content-middle elementor-section-boxed elementor-section-height-default elementor-section-height-default\" data-id=\"9091b8f\" data-element_type=\"section\">\n\t\t\t\t\t\t<div class=\"elementor-container elementor-column-gap-extended\">\n\t\t\t\t\t<div class=\"elementor-column elementor-col-100 elementor-top-column elementor-element elementor-element-f9cf4d5 ot-flex-column-vertical elementor-invisible\" data-id=\"f9cf4d5\" data-element_type=\"column\" data-settings=\"{&quot;animation&quot;:&quot;fadeInRight&quot;}\">\n\t\t\t<div class=\"elementor-widget-wrap elementor-element-populated\">\n\t\t\t\t\t\t<div class=\"elementor-element elementor-element-9b0ca37 elementor-view-default elementor-widget elementor-widget-icon\" data-id=\"9b0ca37\" data-element_type=\"widget\" data-widget_type=\"icon.default\">\n\t\t\t\t<div class=\"elementor-widget-container\">\n\t\t\t\t\t<div class=\"elementor-icon-wrapper\">\n\t\t\t<div class=\"elementor-icon\">\n\t\t\t\t\t\t<\/div>\n\t\t<\/div>\n\t\t\t\t<\/div>\n\t\t\t\t<\/div>\n\t\t\t\t<div class=\"elementor-element elementor-element-fa988ab elementor-view-default elementor-widget elementor-widget-icon\" data-id=\"fa988ab\" data-element_type=\"widget\" data-widget_type=\"icon.default\">\n\t\t\t\t<div class=\"elementor-widget-container\">\n\t\t\t\t\t<div class=\"elementor-icon-wrapper\">\n\t\t\t<div class=\"elementor-icon\">\n\t\t\t<svg xmlns=\"http:\/\/www.w3.org\/2000\/svg\" xmlns:xlink=\"http:\/\/www.w3.org\/1999\/xlink\" id=\"Capa_1\" x=\"0px\" y=\"0px\" viewBox=\"0 0 512 512\" style=\"enable-background:new 0 0 512 512;\" xml:space=\"preserve\"><g>\t<path d=\"M359.7,301.2c17.1,0,31-13.9,31-31v-1.5h24.6c3.9,0,7-3.1,7-7v-94.2c0-3.9-3.1-7-7-7h-24.6V159c0-17.1-13.9-31-31-31H275  v-27.5c21.3-10.5,30.1-36.3,19.6-57.6S258.3,12.9,237,23.4s-30.1,36.3-19.6,57.6c4.2,8.5,11.1,15.4,19.6,19.6V128h-84.7  c-17.1,0-31,13.9-31,31v1.5H96.8c-3.9,0-7,3.1-7,7v94.1c0,3.9,3.1,7,7,7h24.6v1.5c0,17.1,13.9,31,31,31H201v21.3h-80.2  c-17.1,0-31,13.9-31,31V486c0,3.9,3.1,7,7,7h318.5c3.9,0,7-3.1,7-7V353.5c0-17.1-13.9-31-31-31H311v-21.3H359.7z M408.2,174.5v80.2  h-17.6v-80.2H408.2z M227,62c0-16,13-29,29-29s29,13,29,29s-13,29-29,29C240,91,227,78,227,62z M251,104.7c3.3,0.4,6.7,0.4,10,0  V128h-10L251,104.7z M103.8,254.7v-80.2h17.6v80.2H103.8z M135.3,270.2V159c0-9.4,7.6-17,17-17h91.6h0.1c0,0,0.1,0,0.1,0h23.8h0.1  c0,0,0.1,0,0.1,0h91.6c9.4,0,17,7.6,17,17v111.2c0,9.4-7.6,17-17,17h-55.5c-0.1,0-0.1,0-0.2,0s-0.1,0-0.2,0h-95.6  c-0.1,0-0.1,0-0.2,0s-0.1,0-0.2,0h-55.5C142.9,287.2,135.3,279.6,135.3,270.2L135.3,270.2z M339,479H173v-57.7h166V479z   M408.2,353.5V479H353v-64.7c0-3.9-3.1-7-7-7H166c-3.9,0-7,3.1-7,7V479h-55.2V353.5c0-9.4,7.6-17,17-17h270.5  C400.6,336.5,408.2,344.1,408.2,353.5z M297,322.5h-82v-21.3h82V322.5z\"><\/path>\t<path d=\"M221,198.6c0-17.1-13.9-31-31-31s-31,13.9-31,31c0,17.1,13.9,31,31,31C207.1,229.6,221,215.7,221,198.6z M190,215.6  c-9.4,0-17-7.6-17-17s7.6-17,17-17s17,7.6,17,17l0,0C207,208,199.4,215.6,190,215.6z\"><\/path>\t<path d=\"M322,229.6c17.1,0,31-13.9,31-31s-13.9-31-31-31s-31,13.9-31,31C291,215.7,304.9,229.6,322,229.6z M322,181.6  c9.4,0,17,7.6,17,17s-7.6,17-17,17s-17-7.6-17-17C305,189.2,312.6,181.6,322,181.6z\"><\/path>\t<path d=\"M207.5,259.5c0,3.9,3.1,7,7,7h83c3.9,0,7-3.1,7-7s-3.1-7-7-7h-83C210.6,252.5,207.5,255.6,207.5,259.5z\"><\/path>\t<path d=\"M379.2,384.5c10.5,0,19-8.5,19-19s-8.5-19-19-19s-19,8.5-19,19C360.2,376,368.7,384.5,379.2,384.5z M379.2,360.5  c2.8,0,5,2.2,5,5s-2.2,5-5,5s-5-2.2-5-5C374.2,362.7,376.5,360.5,379.2,360.5z\"><\/path>\t<path d=\"M113.8,365.5c0,10.5,8.5,19,19,19c10.5,0,19-8.5,19-19s-8.5-19-19-19C122.3,346.5,113.8,355,113.8,365.5z M132.8,360.5  c2.8,0,5,2.2,5,5s-2.2,5-5,5s-5-2.2-5-5S130,360.5,132.8,360.5z\"><\/path><\/g><\/svg>\t\t\t<\/div>\n\t\t<\/div>\n\t\t\t\t<\/div>\n\t\t\t\t<\/div>\n\t\t\t\t<div class=\"elementor-element elementor-element-8e5b263 elementor-widget elementor-widget-iheading\" data-id=\"8e5b263\" data-element_type=\"widget\" data-widget_type=\"iheading.default\">\n\t\t\t\t<div class=\"elementor-widget-container\">\n\t\t\t\t\t<div class=\"ot-heading\">\r\n\t        \t        <h3 class=\"main-head\">Venda de Licen\u00e7as de Software RPA<\/h3>\t    <\/div>\r\n\t    \t\t<\/div>\n\t\t\t\t<\/div>\n\t\t\t\t<div class=\"elementor-element elementor-element-538e8a4 elementor-widget elementor-widget-text-editor\" data-id=\"538e8a4\" data-element_type=\"widget\" data-widget_type=\"text-editor.default\">\n\t\t\t\t<div class=\"elementor-widget-container\">\n\t\t\t<style>\/*! elementor - v3.23.0 - 05-08-2024 *\/\n.elementor-widget-text-editor.elementor-drop-cap-view-stacked .elementor-drop-cap{background-color:#69727d;color:#fff}.elementor-widget-text-editor.elementor-drop-cap-view-framed .elementor-drop-cap{color:#69727d;border:3px solid;background-color:transparent}.elementor-widget-text-editor:not(.elementor-drop-cap-view-default) .elementor-drop-cap{margin-top:8px}.elementor-widget-text-editor:not(.elementor-drop-cap-view-default) .elementor-drop-cap-letter{width:1em;height:1em}.elementor-widget-text-editor .elementor-drop-cap{float:left;text-align:center;line-height:1;font-size:50px}.elementor-widget-text-editor .elementor-drop-cap-letter{display:inline-block}<\/style>\t\t\t\t<div class=\"elementor-element elementor-element-8ee10ef elementor-widget elementor-widget-text-editor\" data-id=\"8ee10ef\" data-element_type=\"widget\" data-widget_type=\"text-editor.default\">\n<div class=\"elementor-widget-container\">\n<p>Como parceiro Uipath, aconselh\u00e1-lo-emos, de acordo com o seu plano de automatiza\u00e7\u00e3o, sobre o tipo de licen\u00e7as necess\u00e1rias para o projecto que pretende implementar.<\/p>\n<\/div>\n<\/div>\n\t\t\t\t\t\t<\/div>\n\t\t\t\t<\/div>\n\t\t\t\t<div class=\"elementor-element elementor-element-06018bb elementor-widget elementor-widget-text-editor\" data-id=\"06018bb\" data-element_type=\"widget\" data-widget_type=\"text-editor.default\">\n\t\t\t\t<div class=\"elementor-widget-container\">\n\t\t\t\t\t\t\t<p>Pretende automatizar processos para aumentar a sua efici\u00eancia e reduzir custos?<\/p>\n\t\t\t\t\t\t<\/div>\n\t\t\t\t<\/div>\n\t\t\t\t<div class=\"elementor-element elementor-element-b82587d elementor-align-center elementor-widget elementor-widget-ibutton\" data-id=\"b82587d\" data-element_type=\"widget\" data-widget_type=\"ibutton.default\">\n\t\t\t\t<div class=\"elementor-widget-container\">\n\t\t\t\t\t<div class=\"ot-button\">\r\n\t\t\t<a href=\"https:\/\/sclconsultores.com\/pt-br\/contacto\/\" class=\"octf-btn octf-btn-main\">CONTATE-NOS AGORA<\/a>\r\n\t    <\/div>\r\n\t    \t\t<\/div>\n\t\t\t\t<\/div>\n\t\t\t\t\t<\/div>\n\t\t<\/div>\n\t\t\t\t\t<\/div>\n\t\t<\/section>\n\t\t\t\t<section class=\"elementor-section elementor-top-section elementor-element elementor-element-ed15713 elementor-section-boxed elementor-section-height-default elementor-section-height-default\" data-id=\"ed15713\" data-element_type=\"section\">\n\t\t\t\t\t\t<div class=\"elementor-container elementor-column-gap-default\">\n\t\t\t\t\t<div class=\"elementor-column elementor-col-100 elementor-top-column elementor-element elementor-element-28e3b9b ot-flex-column-vertical\" data-id=\"28e3b9b\" data-element_type=\"column\">\n\t\t\t<div class=\"elementor-widget-wrap elementor-element-populated\">\n\t\t\t\t\t\t<div class=\"elementor-element elementor-element-0a273d9 elementor-widget elementor-widget-spacer\" data-id=\"0a273d9\" data-element_type=\"widget\" data-widget_type=\"spacer.default\">\n\t\t\t\t<div class=\"elementor-widget-container\">\n\t\t\t<style>\/*! elementor - v3.23.0 - 05-08-2024 *\/\n.elementor-column .elementor-spacer-inner{height:var(--spacer-size)}.e-con{--container-widget-width:100%}.e-con-inner>.elementor-widget-spacer,.e-con>.elementor-widget-spacer{width:var(--container-widget-width,var(--spacer-size));--align-self:var(--container-widget-align-self,initial);--flex-shrink:0}.e-con-inner>.elementor-widget-spacer>.elementor-widget-container,.e-con>.elementor-widget-spacer>.elementor-widget-container{height:100%;width:100%}.e-con-inner>.elementor-widget-spacer>.elementor-widget-container>.elementor-spacer,.e-con>.elementor-widget-spacer>.elementor-widget-container>.elementor-spacer{height:100%}.e-con-inner>.elementor-widget-spacer>.elementor-widget-container>.elementor-spacer>.elementor-spacer-inner,.e-con>.elementor-widget-spacer>.elementor-widget-container>.elementor-spacer>.elementor-spacer-inner{height:var(--container-widget-height,var(--spacer-size))}.e-con-inner>.elementor-widget-spacer.elementor-widget-empty,.e-con>.elementor-widget-spacer.elementor-widget-empty{position:relative;min-height:22px;min-width:22px}.e-con-inner>.elementor-widget-spacer.elementor-widget-empty .elementor-widget-empty-icon,.e-con>.elementor-widget-spacer.elementor-widget-empty .elementor-widget-empty-icon{position:absolute;top:0;bottom:0;left:0;right:0;margin:auto;padding:0;width:22px;height:22px}<\/style>\t\t<div class=\"elementor-spacer\">\n\t\t\t<div class=\"elementor-spacer-inner\"><\/div>\n\t\t<\/div>\n\t\t\t\t<\/div>\n\t\t\t\t<\/div>\n\t\t\t\t\t<\/div>\n\t\t<\/div>\n\t\t\t\t\t<\/div>\n\t\t<\/section>\n\t\t\t\t<\/div>\n\t\t","protected":false},"excerpt":{"rendered":"<p>Venda de Licen\u00e7as de Software RPA Como parceiro Uipath, aconselh\u00e1-lo-emos, de acordo com o seu plano de automatiza\u00e7\u00e3o, sobre o tipo de licen\u00e7as necess\u00e1rias para o projecto que pretende implementar. Pretende automatizar processos para aumentar a sua efici\u00eancia e reduzir custos? CONTATE-NOS AGORA<\/p>\n","protected":false},"author":1,"featured_media":0,"parent":0,"menu_order":0,"comment_status":"closed","ping_status":"closed","template":"","meta":{"_monsterinsights_skip_tracking":false,"_monsterinsights_sitenote_active":false,"_monsterinsights_sitenote_note":"","_monsterinsights_sitenote_category":0,"_joinchat":[],"footnotes":""},"class_list":["post-3710","page","type-page","status-publish","hentry"],"aioseo_notices":[],"amp_enabled":true,"_links":{"self":[{"href":"https:\/\/sclconsultores.com\/pt-br\/wp-json\/wp\/v2\/pages\/3710"}],"collection":[{"href":"https:\/\/sclconsultores.com\/pt-br\/wp-json\/wp\/v2\/pages"}],"about":[{"href":"https:\/\/sclconsultores.com\/pt-br\/wp-json\/wp\/v2\/types\/page"}],"author":[{"embeddable":true,"href":"https:\/\/sclconsultores.com\/pt-br\/wp-json\/wp\/v2\/users\/1"}],"replies":[{"embeddable":true,"href":"https:\/\/sclconsultores.com\/pt-br\/wp-json\/wp\/v2\/comments?post=3710"}],"version-history":[{"count":8,"href":"https:\/\/sclconsultores.com\/pt-br\/wp-json\/wp\/v2\/pages\/3710\/revisions"}],"predecessor-version":[{"id":4955,"href":"https:\/\/sclconsultores.com\/pt-br\/wp-json\/wp\/v2\/pages\/3710\/revisions\/4955"}],"wp:attachment":[{"href":"https:\/\/sclconsultores.com\/pt-br\/wp-json\/wp\/v2\/media?parent=3710"}],"curies":[{"name":"wp","href":"https:\/\/api.w.org\/{rel}","templated":true}]}}