{"id":3187,"date":"2023-02-24T09:59:35","date_gmt":"2023-02-24T09:59:35","guid":{"rendered":"https:\/\/sclconsultores.com\/?page_id=3187"},"modified":"2024-12-19T19:14:23","modified_gmt":"2024-12-19T19:14:23","slug":"nos","status":"publish","type":"page","link":"https:\/\/sclconsultores.com\/pt-br\/nos\/","title":{"rendered":"N\u00f3s"},"content":{"rendered":"\t\t<div data-elementor-type=\"wp-page\" data-elementor-id=\"3187\" class=\"elementor elementor-3187 elementor-1555\">\n\t\t\t\t\t\t<section class=\"elementor-section elementor-top-section elementor-element elementor-element-9091b8f elementor-section-content-middle elementor-section-boxed elementor-section-height-default elementor-section-height-default\" data-id=\"9091b8f\" data-element_type=\"section\">\n\t\t\t\t\t\t<div class=\"elementor-container elementor-column-gap-extended\">\n\t\t\t\t\t<div class=\"elementor-column elementor-col-50 elementor-top-column elementor-element elementor-element-f40133f ot-flex-column-vertical elementor-invisible\" data-id=\"f40133f\" data-element_type=\"column\" data-settings=\"{&quot;animation&quot;:&quot;fadeInLeft&quot;}\">\n\t\t\t<div class=\"elementor-widget-wrap elementor-element-populated\">\n\t\t\t\t\t\t<div class=\"elementor-element elementor-element-f19ecf2 elementor-widget elementor-widget-image\" data-id=\"f19ecf2\" data-element_type=\"widget\" data-widget_type=\"image.default\">\n\t\t\t\t<div class=\"elementor-widget-container\">\n\t\t\t<style>\/*! elementor - v3.23.0 - 05-08-2024 *\/\n.elementor-widget-image{text-align:center}.elementor-widget-image a{display:inline-block}.elementor-widget-image a img[src$=\".svg\"]{width:48px}.elementor-widget-image img{vertical-align:middle;display:inline-block}<\/style>\t\t\t\t\t\t\t\t\t\t<img fetchpriority=\"high\" decoding=\"async\" width=\"400\" height=\"400\" src=\"https:\/\/sclconsultores.com\/wp-content\/uploads\/2023\/04\/Diseno-sin-titulo-4.gif\" class=\"attachment-full size-full wp-image-3532\" alt=\"\" \/>\t\t\t\t\t\t\t\t\t\t\t\t\t<\/div>\n\t\t\t\t<\/div>\n\t\t\t\t\t<\/div>\n\t\t<\/div>\n\t\t\t\t<div class=\"elementor-column elementor-col-50 elementor-top-column elementor-element elementor-element-2c21dc5 ot-flex-column-vertical elementor-invisible\" data-id=\"2c21dc5\" data-element_type=\"column\" data-settings=\"{&quot;animation&quot;:&quot;fadeInRight&quot;}\">\n\t\t\t<div class=\"elementor-widget-wrap elementor-element-populated\">\n\t\t\t\t\t\t<div class=\"elementor-element elementor-element-6708797 elementor-widget elementor-widget-iheading\" data-id=\"6708797\" data-element_type=\"widget\" data-widget_type=\"iheading.default\">\n\t\t\t\t<div class=\"elementor-widget-container\">\n\t\t\t\t\t<div class=\"ot-heading\">\r\n\t        <span class=\"is_highlight\">Bem-vindos<\/span>\t        <h3 class=\"main-head\">Somos SCL Consultores<\/h3>\t    <\/div>\r\n\t    \t\t<\/div>\n\t\t\t\t<\/div>\n\t\t\t\t<div class=\"elementor-element elementor-element-ba9d43e elementor-widget elementor-widget-text-editor\" data-id=\"ba9d43e\" data-element_type=\"widget\" data-widget_type=\"text-editor.default\">\n\t\t\t\t<div class=\"elementor-widget-container\">\n\t\t\t<style>\/*! elementor - v3.23.0 - 05-08-2024 *\/\n.elementor-widget-text-editor.elementor-drop-cap-view-stacked .elementor-drop-cap{background-color:#69727d;color:#fff}.elementor-widget-text-editor.elementor-drop-cap-view-framed .elementor-drop-cap{color:#69727d;border:3px solid;background-color:transparent}.elementor-widget-text-editor:not(.elementor-drop-cap-view-default) .elementor-drop-cap{margin-top:8px}.elementor-widget-text-editor:not(.elementor-drop-cap-view-default) .elementor-drop-cap-letter{width:1em;height:1em}.elementor-widget-text-editor .elementor-drop-cap{float:left;text-align:center;line-height:1;font-size:50px}.elementor-widget-text-editor .elementor-drop-cap-letter{display:inline-block}<\/style>\t\t\t\t<p>A SCL Consultores \u00e9 uma empresa l\u00edder e inovadora na gest\u00e3o de servi\u00e7os de outsourcing, recrutamento e trabalho tempor\u00e1rio. H\u00e1 mais de 8 anos que apoiamos os nossos clientes na administra\u00e7\u00e3o e recrutamento de pessoal para cargos profissionais na \u00e1rea das TI. Contamos com l\u00edderes com mais de 20 anos de experi\u00eancia em \u00e1reas de TI e mais de 15 anos no desenvolvimento de consultoria SAP, com projectos realizados no Chile e no estrangeiro com clientes de diferentes ind\u00fastrias, o que nos permite actualmente entregar valor nos nossos servi\u00e7os.<\/p>\n\t\t\t\t\t\t<\/div>\n\t\t\t\t<\/div>\n\t\t\t\t<div class=\"elementor-element elementor-element-539aa71 elementor-widget elementor-widget-ibutton\" data-id=\"539aa71\" data-element_type=\"widget\" data-widget_type=\"ibutton.default\">\n\t\t\t\t<div class=\"elementor-widget-container\">\n\t\t\t\t\t<div class=\"ot-button\">\r\n\t\t\t<a href=\"https:\/\/sclconsultores.com\/pt-br\/contacto\/\" class=\"octf-btn octf-btn-main\">CONTACTE-NOS<\/a>\r\n\t    <\/div>\r\n\t    \t\t<\/div>\n\t\t\t\t<\/div>\n\t\t\t\t\t<\/div>\n\t\t<\/div>\n\t\t\t\t\t<\/div>\n\t\t<\/section>\n\t\t<div class=\"elementor-element elementor-element-683f20b e-flex e-con-boxed e-con e-parent\" data-id=\"683f20b\" data-element_type=\"container\">\n\t\t\t\t\t<div class=\"e-con-inner\">\n\t\t<div class=\"elementor-element elementor-element-b2a76cb e-con-full e-flex e-con e-child\" data-id=\"b2a76cb\" data-element_type=\"container\">\n\t\t\t\t<div class=\"elementor-element elementor-element-d8daca0 elementor-widget elementor-widget-text-editor\" data-id=\"d8daca0\" data-element_type=\"widget\" data-widget_type=\"text-editor.default\">\n\t\t\t\t<div class=\"elementor-widget-container\">\n\t\t\t\t\t\t\t<div class=\"flex max-w-full flex-col flex-grow\"><div class=\"min-h-8 text-message flex w-full flex-col items-end gap-2 whitespace-normal break-words text-start [.text-message+&amp;]:mt-5\" dir=\"auto\" data-message-author-role=\"assistant\" data-message-id=\"c6fe3036-2013-499c-9dec-e55fdd7924b4\" data-message-model-slug=\"gpt-4o\"><div class=\"flex w-full flex-col gap-1 empty:hidden first:pt-[3px]\"><div class=\"markdown prose w-full break-words dark:prose-invert dark\"><p>Na <strong>SCL Consultores<\/strong>, temos orgulho de alcan\u00e7ar a certifica\u00e7\u00e3o <strong>ISO 9001:2015<\/strong>, um reconhecimento internacional que refor\u00e7a nosso compromisso com a qualidade, efici\u00eancia e melhoria cont\u00ednua. Este marco reflete nossa dedica\u00e7\u00e3o em superar as expectativas dos clientes, otimizar processos e garantir excel\u00eancia em cada servi\u00e7o que oferecemos, reafirmando nosso compromisso em entregar valor e inova\u00e7\u00e3o.<\/p><\/div><\/div><\/div><\/div>\t\t\t\t\t\t<\/div>\n\t\t\t\t<\/div>\n\t\t\t\t<\/div>\n\t\t<div class=\"elementor-element elementor-element-c19c135 e-con-full e-flex e-con e-child\" data-id=\"c19c135\" data-element_type=\"container\">\n\t\t\t\t<div class=\"elementor-element elementor-element-03c84c3 elementor-widget elementor-widget-image\" data-id=\"03c84c3\" data-element_type=\"widget\" data-widget_type=\"image.default\">\n\t\t\t\t<div class=\"elementor-widget-container\">\n\t\t\t\t\t\t\t\t\t\t\t\t\t<img decoding=\"async\" width=\"1024\" height=\"518\" src=\"https:\/\/sclconsultores.com\/wp-content\/uploads\/2024\/12\/TR-Testmark_9000034978_ES_CMYK_without-QR-Code-1-1024x518.png\" class=\"attachment-large size-large wp-image-5027\" alt=\"\" srcset=\"https:\/\/sclconsultores.com\/wp-content\/uploads\/2024\/12\/TR-Testmark_9000034978_ES_CMYK_without-QR-Code-1-1024x518.png 1024w, https:\/\/sclconsultores.com\/wp-content\/uploads\/2024\/12\/TR-Testmark_9000034978_ES_CMYK_without-QR-Code-1-300x152.png 300w, https:\/\/sclconsultores.com\/wp-content\/uploads\/2024\/12\/TR-Testmark_9000034978_ES_CMYK_without-QR-Code-1-768x388.png 768w, https:\/\/sclconsultores.com\/wp-content\/uploads\/2024\/12\/TR-Testmark_9000034978_ES_CMYK_without-QR-Code-1.png 1434w\" sizes=\"(max-width: 1024px) 100vw, 1024px\" \/>\t\t\t\t\t\t\t\t\t\t\t\t\t<\/div>\n\t\t\t\t<\/div>\n\t\t\t\t<\/div>\n\t\t\t\t\t<\/div>\n\t\t\t\t<\/div>\n\t\t\t\t<section class=\"elementor-section elementor-top-section elementor-element elementor-element-3659718 elementor-section-boxed elementor-section-height-default elementor-section-height-default\" data-id=\"3659718\" data-element_type=\"section\">\n\t\t\t\t\t\t<div class=\"elementor-container elementor-column-gap-default\">\n\t\t\t\t\t<div class=\"elementor-column elementor-col-100 elementor-top-column elementor-element elementor-element-a470358 ot-flex-column-vertical\" data-id=\"a470358\" data-element_type=\"column\">\n\t\t\t<div class=\"elementor-widget-wrap elementor-element-populated\">\n\t\t\t\t\t\t<section class=\"elementor-section elementor-inner-section elementor-element elementor-element-a245666 elementor-section-full_width elementor-section-height-default elementor-section-height-default\" data-id=\"a245666\" data-element_type=\"section\">\n\t\t\t\t\t\t<div class=\"elementor-container elementor-column-gap-default\">\n\t\t\t\t\t<div class=\"elementor-column elementor-col-33 elementor-inner-column elementor-element elementor-element-59138eb ot-flex-column-vertical\" data-id=\"59138eb\" data-element_type=\"column\">\n\t\t\t<div class=\"elementor-widget-wrap\">\n\t\t\t\t\t\t\t<\/div>\n\t\t<\/div>\n\t\t\t\t<div class=\"elementor-column elementor-col-33 elementor-inner-column elementor-element elementor-element-4aac096 ot-flex-column-vertical elementor-invisible\" data-id=\"4aac096\" data-element_type=\"column\" data-settings=\"{&quot;animation&quot;:&quot;fadeInUp&quot;}\">\n\t\t\t<div class=\"elementor-widget-wrap elementor-element-populated\">\n\t\t\t\t\t\t<div class=\"elementor-element elementor-element-a428c96 elementor-widget elementor-widget-iheading\" data-id=\"a428c96\" data-element_type=\"widget\" data-widget_type=\"iheading.default\">\n\t\t\t\t<div class=\"elementor-widget-container\">\n\t\t\t\t\t<div class=\"ot-heading\">\r\n\t        \t        <h3 class=\"main-head\">Nossa equipe<\/h3>\t    <\/div>\r\n\t    \t\t<\/div>\n\t\t\t\t<\/div>\n\t\t\t\t<div class=\"elementor-element elementor-element-853facd elementor-widget elementor-widget-text-editor\" data-id=\"853facd\" data-element_type=\"widget\" data-widget_type=\"text-editor.default\">\n\t\t\t\t<div class=\"elementor-widget-container\">\n\t\t\t\t\t\t\t<p>Somos uma equipa de profissionais preparados para os desafios da gest\u00e3o da subcontrata\u00e7\u00e3o e dos servi\u00e7os transit\u00f3rios.<\/p>\n\t\t\t\t\t\t<\/div>\n\t\t\t\t<\/div>\n\t\t\t\t\t<\/div>\n\t\t<\/div>\n\t\t\t\t<div class=\"elementor-column elementor-col-33 elementor-inner-column elementor-element elementor-element-570e98e ot-flex-column-vertical\" data-id=\"570e98e\" data-element_type=\"column\">\n\t\t\t<div class=\"elementor-widget-wrap\">\n\t\t\t\t\t\t\t<\/div>\n\t\t<\/div>\n\t\t\t\t\t<\/div>\n\t\t<\/section>\n\t\t\t\t<section class=\"elementor-section elementor-inner-section elementor-element elementor-element-25cd35e elementor-section-full_width elementor-section-height-default elementor-section-height-default elementor-invisible\" data-id=\"25cd35e\" data-element_type=\"section\" data-settings=\"{&quot;animation&quot;:&quot;fadeIn&quot;}\">\n\t\t\t\t\t\t<div class=\"elementor-container elementor-column-gap-extended\">\n\t\t\t\t\t<div class=\"elementor-column elementor-col-20 elementor-inner-column elementor-element elementor-element-d03f1ae ot-flex-column-vertical\" data-id=\"d03f1ae\" data-element_type=\"column\">\n\t\t\t<div class=\"elementor-widget-wrap elementor-element-populated\">\n\t\t\t\t\t\t<div class=\"elementor-element elementor-element-72de391 elementor-widget elementor-widget-imember\" data-id=\"72de391\" data-element_type=\"widget\" data-widget_type=\"imember.default\">\n\t\t\t\t<div class=\"elementor-widget-container\">\n\t\t\t\r\n\t\t<div class=\"ot-team team-1\">\r\n\t\t\t<div class=\"team-thumb\">\r\n\t\t\t\t<img decoding=\"async\" width=\"400\" height=\"400\" src=\"https:\/\/sclconsultores.com\/wp-content\/uploads\/2024\/12\/10.png\" class=\"attachment-full size-full wp-image-5049\" alt=\"\" srcset=\"https:\/\/sclconsultores.com\/wp-content\/uploads\/2024\/12\/10.png 400w, https:\/\/sclconsultores.com\/wp-content\/uploads\/2024\/12\/10-300x300.png 300w, https:\/\/sclconsultores.com\/wp-content\/uploads\/2024\/12\/10-150x150.png 150w\" sizes=\"(max-width: 400px) 100vw, 400px\" \/>\t\t\t\t\t\t\t\t<div class=\"team-social\">\r\n\t\t\t\t\t\t\t\t\t\t\t\t\t\t\t\t\t\t<a rel=\"nofollow\" \r\n\t\t\t\t\t\t\t\t\thref=\"https:\/\/www.linkedin.com\/in\/sergio-enrique-calder%C3%B3n-leiva-a7474139\/\" class=\"linkedin\" style=\"transition-delay: 0ms\">\r\n\t\t\t\t\t\t\t\t\t<svg aria-hidden=\"true\" class=\"e-font-icon-svg e-fab-linkedin\" viewBox=\"0 0 448 512\" xmlns=\"http:\/\/www.w3.org\/2000\/svg\"><path d=\"M416 32H31.9C14.3 32 0 46.5 0 64.3v383.4C0 465.5 14.3 480 31.9 480H416c17.6 0 32-14.5 32-32.3V64.3c0-17.8-14.4-32.3-32-32.3zM135.4 416H69V202.2h66.5V416zm-33.2-243c-21.3 0-38.5-17.3-38.5-38.5S80.9 96 102.2 96c21.2 0 38.5 17.3 38.5 38.5 0 21.3-17.2 38.5-38.5 38.5zm282.1 243h-66.4V312c0-24.8-.5-56.7-34.5-56.7-34.6 0-39.9 27-39.9 54.9V416h-66.4V202.2h63.7v29.2h.9c8.9-16.8 30.6-34.5 62.9-34.5 67.2 0 79.7 44.3 79.7 101.9V416z\"><\/path><\/svg>\t\t\t\t\t\t\t<\/a>\r\n\t\t\t\t\t\t\t\t\t\t\t\t\t\t\t\t<span class=\"ot-flaticon-signs\"><\/span>\r\n\t\t\t\t<\/div>\r\n\t\t\t\t\t\t\t<\/div>\r\n\t\t\t<div class=\"team-info\">\r\n\t\t\t\t<h6 class=\"tname\">Sergio Calder\u00f3n<\/h6>\t\t\t\t<span>CEO <BR><BR><\/span>\t\t\t<\/div>\r\n\t\t<\/div>\r\n\t        \r\n\t    \t\t<\/div>\n\t\t\t\t<\/div>\n\t\t\t\t\t<\/div>\n\t\t<\/div>\n\t\t\t\t<div class=\"elementor-column elementor-col-20 elementor-inner-column elementor-element elementor-element-b31ea5c ot-flex-column-vertical\" data-id=\"b31ea5c\" data-element_type=\"column\">\n\t\t\t<div class=\"elementor-widget-wrap elementor-element-populated\">\n\t\t\t\t\t\t<div class=\"elementor-element elementor-element-b176a3e elementor-widget elementor-widget-imember\" data-id=\"b176a3e\" data-element_type=\"widget\" data-widget_type=\"imember.default\">\n\t\t\t\t<div class=\"elementor-widget-container\">\n\t\t\t\r\n\t\t<div class=\"ot-team team-1\">\r\n\t\t\t<div class=\"team-thumb\">\r\n\t\t\t\t<img loading=\"lazy\" decoding=\"async\" width=\"400\" height=\"400\" src=\"https:\/\/sclconsultores.com\/wp-content\/uploads\/2024\/12\/11.png\" class=\"attachment-full size-full wp-image-5052\" alt=\"\" srcset=\"https:\/\/sclconsultores.com\/wp-content\/uploads\/2024\/12\/11.png 400w, https:\/\/sclconsultores.com\/wp-content\/uploads\/2024\/12\/11-300x300.png 300w, https:\/\/sclconsultores.com\/wp-content\/uploads\/2024\/12\/11-150x150.png 150w\" sizes=\"(max-width: 400px) 100vw, 400px\" \/>\t\t\t\t\t\t\t\t<div class=\"team-social\">\r\n\t\t\t\t\t\t\t\t\t\t\t\t\t\t\t\t\t\t<a rel=\"nofollow\" \r\n\t\t\t\t\t\t\t\t\thref=\"https:\/\/www.linkedin.com\/in\/tamy-henr%C3%ADquez-98818b18\/\" class=\"linkedin\" style=\"transition-delay: 0ms\">\r\n\t\t\t\t\t\t\t\t\t<svg aria-hidden=\"true\" class=\"e-font-icon-svg e-fab-linkedin\" viewBox=\"0 0 448 512\" xmlns=\"http:\/\/www.w3.org\/2000\/svg\"><path d=\"M416 32H31.9C14.3 32 0 46.5 0 64.3v383.4C0 465.5 14.3 480 31.9 480H416c17.6 0 32-14.5 32-32.3V64.3c0-17.8-14.4-32.3-32-32.3zM135.4 416H69V202.2h66.5V416zm-33.2-243c-21.3 0-38.5-17.3-38.5-38.5S80.9 96 102.2 96c21.2 0 38.5 17.3 38.5 38.5 0 21.3-17.2 38.5-38.5 38.5zm282.1 243h-66.4V312c0-24.8-.5-56.7-34.5-56.7-34.6 0-39.9 27-39.9 54.9V416h-66.4V202.2h63.7v29.2h.9c8.9-16.8 30.6-34.5 62.9-34.5 67.2 0 79.7 44.3 79.7 101.9V416z\"><\/path><\/svg>\t\t\t\t\t\t\t<\/a>\r\n\t\t\t\t\t\t\t\t\t\t\t\t\t\t\t\t<span class=\"ot-flaticon-signs\"><\/span>\r\n\t\t\t\t<\/div>\r\n\t\t\t\t\t\t\t<\/div>\r\n\t\t\t<div class=\"team-info\">\r\n\t\t\t\t<h6 class=\"tname\">Tamy Henr\u00edquez<\/h6>\t\t\t\t<span>Outsourcing e sele\u00e7\u00e3o <BR><BR>\n<\/span>\t\t\t<\/div>\r\n\t\t<\/div>\r\n\t        \r\n\t    \t\t<\/div>\n\t\t\t\t<\/div>\n\t\t\t\t\t<\/div>\n\t\t<\/div>\n\t\t\t\t<div class=\"elementor-column elementor-col-20 elementor-inner-column elementor-element elementor-element-b437786 ot-flex-column-vertical\" data-id=\"b437786\" data-element_type=\"column\">\n\t\t\t<div class=\"elementor-widget-wrap elementor-element-populated\">\n\t\t\t\t\t\t<div class=\"elementor-element elementor-element-a18d140 elementor-widget elementor-widget-imember\" data-id=\"a18d140\" data-element_type=\"widget\" data-widget_type=\"imember.default\">\n\t\t\t\t<div class=\"elementor-widget-container\">\n\t\t\t\r\n\t\t<div class=\"ot-team team-1\">\r\n\t\t\t<div class=\"team-thumb\">\r\n\t\t\t\t<img loading=\"lazy\" decoding=\"async\" width=\"550\" height=\"550\" src=\"https:\/\/sclconsultores.com\/wp-content\/uploads\/2023\/04\/3.png\" class=\"attachment-full size-full wp-image-3572\" alt=\"\" srcset=\"https:\/\/sclconsultores.com\/wp-content\/uploads\/2023\/04\/3.png 550w, https:\/\/sclconsultores.com\/wp-content\/uploads\/2023\/04\/3-300x300.png 300w, https:\/\/sclconsultores.com\/wp-content\/uploads\/2023\/04\/3-150x150.png 150w\" sizes=\"(max-width: 550px) 100vw, 550px\" \/>\t\t\t\t\t\t\t\t<div class=\"team-social\">\r\n\t\t\t\t\t\t\t\t\t\t\t\t\t\t\t\t\t\t<a rel=\"nofollow\" \r\n\t\t\t\t\t\t\t\t\thref=\"https:\/\/www.linkedin.com\/in\/angelica-penalver-rodriguez\/\" class=\"linkedin\" style=\"transition-delay: 0ms\">\r\n\t\t\t\t\t\t\t\t\t<svg aria-hidden=\"true\" class=\"e-font-icon-svg e-fab-linkedin\" viewBox=\"0 0 448 512\" xmlns=\"http:\/\/www.w3.org\/2000\/svg\"><path d=\"M416 32H31.9C14.3 32 0 46.5 0 64.3v383.4C0 465.5 14.3 480 31.9 480H416c17.6 0 32-14.5 32-32.3V64.3c0-17.8-14.4-32.3-32-32.3zM135.4 416H69V202.2h66.5V416zm-33.2-243c-21.3 0-38.5-17.3-38.5-38.5S80.9 96 102.2 96c21.2 0 38.5 17.3 38.5 38.5 0 21.3-17.2 38.5-38.5 38.5zm282.1 243h-66.4V312c0-24.8-.5-56.7-34.5-56.7-34.6 0-39.9 27-39.9 54.9V416h-66.4V202.2h63.7v29.2h.9c8.9-16.8 30.6-34.5 62.9-34.5 67.2 0 79.7 44.3 79.7 101.9V416z\"><\/path><\/svg>\t\t\t\t\t\t\t<\/a>\r\n\t\t\t\t\t\t\t\t\t\t\t\t\t\t\t\t<span class=\"ot-flaticon-signs\"><\/span>\r\n\t\t\t\t<\/div>\r\n\t\t\t\t\t\t\t<\/div>\r\n\t\t\t<div class=\"team-info\">\r\n\t\t\t\t<h6 class=\"tname\">Angelica Pe\u00f1alver<\/h6>\t\t\t\t<span>Gest\u00e3o de pessoal <BR><BR><\/span>\t\t\t<\/div>\r\n\t\t<\/div>\r\n\t        \r\n\t    \t\t<\/div>\n\t\t\t\t<\/div>\n\t\t\t\t\t<\/div>\n\t\t<\/div>\n\t\t\t\t<div class=\"elementor-column elementor-col-20 elementor-inner-column elementor-element elementor-element-193ad95 ot-flex-column-vertical\" data-id=\"193ad95\" data-element_type=\"column\">\n\t\t\t<div class=\"elementor-widget-wrap elementor-element-populated\">\n\t\t\t\t\t\t<div class=\"elementor-element elementor-element-25381e2 elementor-widget elementor-widget-imember\" data-id=\"25381e2\" data-element_type=\"widget\" data-widget_type=\"imember.default\">\n\t\t\t\t<div class=\"elementor-widget-container\">\n\t\t\t\r\n\t\t<div class=\"ot-team team-1\">\r\n\t\t\t<div class=\"team-thumb\">\r\n\t\t\t\t<img loading=\"lazy\" decoding=\"async\" width=\"550\" height=\"550\" src=\"https:\/\/sclconsultores.com\/wp-content\/uploads\/2023\/04\/4.png\" class=\"attachment-full size-full wp-image-3573\" alt=\"\" srcset=\"https:\/\/sclconsultores.com\/wp-content\/uploads\/2023\/04\/4.png 550w, https:\/\/sclconsultores.com\/wp-content\/uploads\/2023\/04\/4-300x300.png 300w, https:\/\/sclconsultores.com\/wp-content\/uploads\/2023\/04\/4-150x150.png 150w\" sizes=\"(max-width: 550px) 100vw, 550px\" \/>\t\t\t\t\t\t\t\t<div class=\"team-social\">\r\n\t\t\t\t\t\t\t\t\t\t\t\t\t\t\t\t\t\t<a rel=\"nofollow\" \r\n\t\t\t\t\t\t\t\t\thref=\"https:\/\/www.linkedin.com\/in\/jorge-cruz-bustamante\/\" class=\"linkedin\" style=\"transition-delay: 0ms\">\r\n\t\t\t\t\t\t\t\t\t<svg aria-hidden=\"true\" class=\"e-font-icon-svg e-fab-linkedin\" viewBox=\"0 0 448 512\" xmlns=\"http:\/\/www.w3.org\/2000\/svg\"><path d=\"M416 32H31.9C14.3 32 0 46.5 0 64.3v383.4C0 465.5 14.3 480 31.9 480H416c17.6 0 32-14.5 32-32.3V64.3c0-17.8-14.4-32.3-32-32.3zM135.4 416H69V202.2h66.5V416zm-33.2-243c-21.3 0-38.5-17.3-38.5-38.5S80.9 96 102.2 96c21.2 0 38.5 17.3 38.5 38.5 0 21.3-17.2 38.5-38.5 38.5zm282.1 243h-66.4V312c0-24.8-.5-56.7-34.5-56.7-34.6 0-39.9 27-39.9 54.9V416h-66.4V202.2h63.7v29.2h.9c8.9-16.8 30.6-34.5 62.9-34.5 67.2 0 79.7 44.3 79.7 101.9V416z\"><\/path><\/svg>\t\t\t\t\t\t\t<\/a>\r\n\t\t\t\t\t\t\t\t\t\t\t\t\t\t\t\t<span class=\"ot-flaticon-signs\"><\/span>\r\n\t\t\t\t<\/div>\r\n\t\t\t\t\t\t\t<\/div>\r\n\t\t\t<div class=\"team-info\">\r\n\t\t\t\t<h6 class=\"tname\">Jorge Cruz<\/h6>\t\t\t\t<span>Gerente de neg\u00f3cios LATAM<BR><BR><\/span>\t\t\t<\/div>\r\n\t\t<\/div>\r\n\t        \r\n\t    \t\t<\/div>\n\t\t\t\t<\/div>\n\t\t\t\t\t<\/div>\n\t\t<\/div>\n\t\t\t\t<div class=\"elementor-column elementor-col-20 elementor-inner-column elementor-element elementor-element-6ec7f3d ot-flex-column-vertical\" data-id=\"6ec7f3d\" data-element_type=\"column\">\n\t\t\t<div class=\"elementor-widget-wrap elementor-element-populated\">\n\t\t\t\t\t\t<div class=\"elementor-element elementor-element-0aa67d4 elementor-widget elementor-widget-imember\" data-id=\"0aa67d4\" data-element_type=\"widget\" data-widget_type=\"imember.default\">\n\t\t\t\t<div class=\"elementor-widget-container\">\n\t\t\t\r\n\t\t<div class=\"ot-team team-1\">\r\n\t\t\t<div class=\"team-thumb\">\r\n\t\t\t\t<img loading=\"lazy\" decoding=\"async\" width=\"400\" height=\"400\" src=\"https:\/\/sclconsultores.com\/wp-content\/uploads\/2024\/12\/Cuadros-web.png\" class=\"attachment-full size-full wp-image-5046\" alt=\"\" srcset=\"https:\/\/sclconsultores.com\/wp-content\/uploads\/2024\/12\/Cuadros-web.png 400w, https:\/\/sclconsultores.com\/wp-content\/uploads\/2024\/12\/Cuadros-web-300x300.png 300w, https:\/\/sclconsultores.com\/wp-content\/uploads\/2024\/12\/Cuadros-web-150x150.png 150w\" sizes=\"(max-width: 400px) 100vw, 400px\" \/>\t\t\t\t\t\t\t\t<div class=\"team-social\">\r\n\t\t\t\t\t\t\t\t\t\t\t\t\t\t\t\t\t\t<a rel=\"nofollow\" \r\n\t\t\t\t\t\t\t\t\thref=\"https:\/\/www.linkedin.com\/in\/alinecuevas\/\" class=\"linkedin\" style=\"transition-delay: 0ms\">\r\n\t\t\t\t\t\t\t\t\t<svg aria-hidden=\"true\" class=\"e-font-icon-svg e-fab-linkedin\" viewBox=\"0 0 448 512\" xmlns=\"http:\/\/www.w3.org\/2000\/svg\"><path d=\"M416 32H31.9C14.3 32 0 46.5 0 64.3v383.4C0 465.5 14.3 480 31.9 480H416c17.6 0 32-14.5 32-32.3V64.3c0-17.8-14.4-32.3-32-32.3zM135.4 416H69V202.2h66.5V416zm-33.2-243c-21.3 0-38.5-17.3-38.5-38.5S80.9 96 102.2 96c21.2 0 38.5 17.3 38.5 38.5 0 21.3-17.2 38.5-38.5 38.5zm282.1 243h-66.4V312c0-24.8-.5-56.7-34.5-56.7-34.6 0-39.9 27-39.9 54.9V416h-66.4V202.2h63.7v29.2h.9c8.9-16.8 30.6-34.5 62.9-34.5 67.2 0 79.7 44.3 79.7 101.9V416z\"><\/path><\/svg>\t\t\t\t\t\t\t<\/a>\r\n\t\t\t\t\t\t\t\t\t\t\t\t\t\t\t\t<span class=\"ot-flaticon-signs\"><\/span>\r\n\t\t\t\t<\/div>\r\n\t\t\t\t\t\t\t<\/div>\r\n\t\t\t<div class=\"team-info\">\r\n\t\t\t\t<h6 class=\"tname\">Juan Paulo Hern\u00e1ndez \n\n<\/h6>\t\t\t\t<span>Gerente de Projetos de TI <BR><BR>\n\n<\/span>\t\t\t<\/div>\r\n\t\t<\/div>\r\n\t        \r\n\t    \t\t<\/div>\n\t\t\t\t<\/div>\n\t\t\t\t\t<\/div>\n\t\t<\/div>\n\t\t\t\t\t<\/div>\n\t\t<\/section>\n\t\t\t\t\t<\/div>\n\t\t<\/div>\n\t\t\t\t\t<\/div>\n\t\t<\/section>\n\t\t\t\t<section class=\"elementor-section elementor-top-section elementor-element elementor-element-fa962af elementor-section-boxed elementor-section-height-default elementor-section-height-default\" data-id=\"fa962af\" data-element_type=\"section\">\n\t\t\t\t\t\t<div class=\"elementor-container elementor-column-gap-default\">\n\t\t\t\t\t<div class=\"elementor-column elementor-col-100 elementor-top-column elementor-element elementor-element-9433681 ot-flex-column-vertical\" data-id=\"9433681\" data-element_type=\"column\">\n\t\t\t<div class=\"elementor-widget-wrap elementor-element-populated\">\n\t\t\t\t\t\t<div class=\"elementor-element elementor-element-5b20413 elementor-widget elementor-widget-spacer\" data-id=\"5b20413\" data-element_type=\"widget\" data-widget_type=\"spacer.default\">\n\t\t\t\t<div class=\"elementor-widget-container\">\n\t\t\t<style>\/*! elementor - v3.23.0 - 05-08-2024 *\/\n.elementor-column .elementor-spacer-inner{height:var(--spacer-size)}.e-con{--container-widget-width:100%}.e-con-inner>.elementor-widget-spacer,.e-con>.elementor-widget-spacer{width:var(--container-widget-width,var(--spacer-size));--align-self:var(--container-widget-align-self,initial);--flex-shrink:0}.e-con-inner>.elementor-widget-spacer>.elementor-widget-container,.e-con>.elementor-widget-spacer>.elementor-widget-container{height:100%;width:100%}.e-con-inner>.elementor-widget-spacer>.elementor-widget-container>.elementor-spacer,.e-con>.elementor-widget-spacer>.elementor-widget-container>.elementor-spacer{height:100%}.e-con-inner>.elementor-widget-spacer>.elementor-widget-container>.elementor-spacer>.elementor-spacer-inner,.e-con>.elementor-widget-spacer>.elementor-widget-container>.elementor-spacer>.elementor-spacer-inner{height:var(--container-widget-height,var(--spacer-size))}.e-con-inner>.elementor-widget-spacer.elementor-widget-empty,.e-con>.elementor-widget-spacer.elementor-widget-empty{position:relative;min-height:22px;min-width:22px}.e-con-inner>.elementor-widget-spacer.elementor-widget-empty .elementor-widget-empty-icon,.e-con>.elementor-widget-spacer.elementor-widget-empty .elementor-widget-empty-icon{position:absolute;top:0;bottom:0;left:0;right:0;margin:auto;padding:0;width:22px;height:22px}<\/style>\t\t<div class=\"elementor-spacer\">\n\t\t\t<div class=\"elementor-spacer-inner\"><\/div>\n\t\t<\/div>\n\t\t\t\t<\/div>\n\t\t\t\t<\/div>\n\t\t\t\t\t<\/div>\n\t\t<\/div>\n\t\t\t\t\t<\/div>\n\t\t<\/section>\n\t\t\t\t<\/div>\n\t\t","protected":false},"excerpt":{"rendered":"<p>Bem-vindos Somos SCL Consultores A SCL Consultores \u00e9 uma empresa l\u00edder e inovadora na gest\u00e3o de servi\u00e7os de outsourcing, recrutamento e trabalho tempor\u00e1rio. H\u00e1 mais de 8 anos que apoiamos os nossos clientes na administra\u00e7\u00e3o e recrutamento de pessoal para cargos profissionais na \u00e1rea das TI. Contamos com l\u00edderes com mais de 20 anos de [&hellip;]<\/p>\n","protected":false},"author":1,"featured_media":0,"parent":0,"menu_order":0,"comment_status":"closed","ping_status":"closed","template":"","meta":{"_monsterinsights_skip_tracking":false,"_monsterinsights_sitenote_active":false,"_monsterinsights_sitenote_note":"","_monsterinsights_sitenote_category":0,"_joinchat":[],"footnotes":""},"class_list":["post-3187","page","type-page","status-publish","hentry"],"aioseo_notices":[],"amp_enabled":true,"_links":{"self":[{"href":"https:\/\/sclconsultores.com\/pt-br\/wp-json\/wp\/v2\/pages\/3187"}],"collection":[{"href":"https:\/\/sclconsultores.com\/pt-br\/wp-json\/wp\/v2\/pages"}],"about":[{"href":"https:\/\/sclconsultores.com\/pt-br\/wp-json\/wp\/v2\/types\/page"}],"author":[{"embeddable":true,"href":"https:\/\/sclconsultores.com\/pt-br\/wp-json\/wp\/v2\/users\/1"}],"replies":[{"embeddable":true,"href":"https:\/\/sclconsultores.com\/pt-br\/wp-json\/wp\/v2\/comments?post=3187"}],"version-history":[{"count":22,"href":"https:\/\/sclconsultores.com\/pt-br\/wp-json\/wp\/v2\/pages\/3187\/revisions"}],"predecessor-version":[{"id":5064,"href":"https:\/\/sclconsultores.com\/pt-br\/wp-json\/wp\/v2\/pages\/3187\/revisions\/5064"}],"wp:attachment":[{"href":"https:\/\/sclconsultores.com\/pt-br\/wp-json\/wp\/v2\/media?parent=3187"}],"curies":[{"name":"wp","href":"https:\/\/api.w.org\/{rel}","templated":true}]}}