{"id":3150,"date":"2023-03-14T15:13:32","date_gmt":"2023-03-14T15:13:32","guid":{"rendered":"https:\/\/sclconsultores.com\/?page_id=3150"},"modified":"2023-05-18T16:31:03","modified_gmt":"2023-05-18T16:31:03","slug":"rpa-hyper-automation-consulting","status":"publish","type":"page","link":"https:\/\/sclconsultores.com\/en\/rpa-hyper-automation-consulting\/","title":{"rendered":"RPA \/ Hyper Automation Consulting"},"content":{"rendered":"\t\t<div data-elementor-type=\"wp-page\" data-elementor-id=\"3150\" class=\"elementor elementor-3150 elementor-1979\">\n\t\t\t\t\t\t<section class=\"elementor-section elementor-top-section elementor-element elementor-element-9091b8f elementor-section-content-middle elementor-section-boxed elementor-section-height-default elementor-section-height-default\" data-id=\"9091b8f\" data-element_type=\"section\">\n\t\t\t\t\t\t<div class=\"elementor-container elementor-column-gap-extended\">\n\t\t\t\t\t<div class=\"elementor-column elementor-col-50 elementor-top-column elementor-element elementor-element-f40133f ot-flex-column-vertical elementor-invisible\" data-id=\"f40133f\" data-element_type=\"column\" data-settings=\"{&quot;animation&quot;:&quot;fadeInLeft&quot;}\">\n\t\t\t<div class=\"elementor-widget-wrap elementor-element-populated\">\n\t\t\t\t\t\t<div class=\"elementor-element elementor-element-f19ecf2 elementor-widget elementor-widget-image\" data-id=\"f19ecf2\" data-element_type=\"widget\" data-widget_type=\"image.default\">\n\t\t\t\t<div class=\"elementor-widget-container\">\n\t\t\t<style>\/*! elementor - v3.23.0 - 05-08-2024 *\/\n.elementor-widget-image{text-align:center}.elementor-widget-image a{display:inline-block}.elementor-widget-image a img[src$=\".svg\"]{width:48px}.elementor-widget-image img{vertical-align:middle;display:inline-block}<\/style>\t\t\t\t\t\t\t\t\t\t<img decoding=\"async\" src=\"https:\/\/sclconsultores.com\/wp-content\/uploads\/2023\/03\/Diseno-sin-titulo-62.png\" title=\"\" alt=\"\" loading=\"lazy\" \/>\t\t\t\t\t\t\t\t\t\t\t\t\t<\/div>\n\t\t\t\t<\/div>\n\t\t\t\t\t<\/div>\n\t\t<\/div>\n\t\t\t\t<div class=\"elementor-column elementor-col-50 elementor-top-column elementor-element elementor-element-2c21dc5 ot-flex-column-vertical elementor-invisible\" data-id=\"2c21dc5\" data-element_type=\"column\" data-settings=\"{&quot;animation&quot;:&quot;fadeInRight&quot;}\">\n\t\t\t<div class=\"elementor-widget-wrap elementor-element-populated\">\n\t\t\t\t\t\t<div class=\"elementor-element elementor-element-6708797 elementor-widget elementor-widget-iheading\" data-id=\"6708797\" data-element_type=\"widget\" data-widget_type=\"iheading.default\">\n\t\t\t\t<div class=\"elementor-widget-container\">\n\t\t\t\t\t<div class=\"ot-heading\">\r\n\t        \t        <h3 class=\"main-head\">Consultor\u00eda <br>RPA \/ Hiper Automatizaci\u00f3n<\/h3>\t    <\/div>\r\n\t    \t\t<\/div>\n\t\t\t\t<\/div>\n\t\t\t\t<div class=\"elementor-element elementor-element-ba9d43e elementor-widget elementor-widget-text-editor\" data-id=\"ba9d43e\" data-element_type=\"widget\" data-widget_type=\"text-editor.default\">\n\t\t\t\t<div class=\"elementor-widget-container\">\n\t\t\t<style>\/*! elementor - v3.23.0 - 05-08-2024 *\/\n.elementor-widget-text-editor.elementor-drop-cap-view-stacked .elementor-drop-cap{background-color:#69727d;color:#fff}.elementor-widget-text-editor.elementor-drop-cap-view-framed .elementor-drop-cap{color:#69727d;border:3px solid;background-color:transparent}.elementor-widget-text-editor:not(.elementor-drop-cap-view-default) .elementor-drop-cap{margin-top:8px}.elementor-widget-text-editor:not(.elementor-drop-cap-view-default) .elementor-drop-cap-letter{width:1em;height:1em}.elementor-widget-text-editor .elementor-drop-cap{float:left;text-align:center;line-height:1;font-size:50px}.elementor-widget-text-editor .elementor-drop-cap-letter{display:inline-block}<\/style>\t\t\t\t<div class=\"elementor-element elementor-element-8ee10ef elementor-widget elementor-widget-text-editor\" data-id=\"8ee10ef\" data-element_type=\"widget\" data-widget_type=\"text-editor.default\">\n<div class=\"elementor-widget-container\">\n<p>Unleash the human, analytical and creative potential of your organization.<\/p>\n<\/div>\n<\/div>\n\t\t\t\t\t\t<\/div>\n\t\t\t\t<\/div>\n\t\t\t\t<div class=\"elementor-element elementor-element-80caa4b elementor-widget elementor-widget-text-editor\" data-id=\"80caa4b\" data-element_type=\"widget\" data-widget_type=\"text-editor.default\">\n\t\t\t\t<div class=\"elementor-widget-container\">\n\t\t\t\t\t\t\t<p>Do you want to automate processes to increase your efficiency and reduce costs?<\/p>\n\t\t\t\t\t\t<\/div>\n\t\t\t\t<\/div>\n\t\t\t\t<div class=\"elementor-element elementor-element-32d965e elementor-widget elementor-widget-ibutton\" data-id=\"32d965e\" data-element_type=\"widget\" data-widget_type=\"ibutton.default\">\n\t\t\t\t<div class=\"elementor-widget-container\">\n\t\t\t\t\t<div class=\"ot-button\">\r\n\t\t\t<a class=\"octf-btn octf-btn-main\">CONT\u00c1CTANOS AHORA<\/a>\r\n\t    <\/div>\r\n\t    \t\t<\/div>\n\t\t\t\t<\/div>\n\t\t\t\t\t<\/div>\n\t\t<\/div>\n\t\t\t\t\t<\/div>\n\t\t<\/section>\n\t\t\t\t<section class=\"elementor-section elementor-top-section elementor-element elementor-element-a62b8f5 elementor-section-boxed elementor-section-height-default elementor-section-height-default elementor-invisible\" data-id=\"a62b8f5\" data-element_type=\"section\" data-settings=\"{&quot;animation&quot;:&quot;fadeInUp&quot;}\">\n\t\t\t\t\t\t<div class=\"elementor-container elementor-column-gap-default\">\n\t\t\t\t\t<div class=\"elementor-column elementor-col-100 elementor-top-column elementor-element elementor-element-698bd9c ot-flex-column-vertical\" data-id=\"698bd9c\" data-element_type=\"column\">\n\t\t\t<div class=\"elementor-widget-wrap elementor-element-populated\">\n\t\t\t\t\t\t<div class=\"elementor-element elementor-element-b1e73b0 elementor-widget elementor-widget-iiconbox_grid\" data-id=\"b1e73b0\" data-element_type=\"widget\" data-widget_type=\"iiconbox_grid.default\">\n\t\t\t\t<div class=\"elementor-widget-container\">\n\t\t\t\t\t<div class=\"icon-box-grid\">\r\n\t\t\t\t\t\t<div class=\"col-md-4 no-padding\">\r\n\t\t\t\t<div class=\"icon-box\">\r\n\t\t\t\t\t<div class=\"icon-main\">\r\n\t\t\t\t\t\t\t\t\t\t\t<\/div>\r\n\t\t\t        <div class=\"content-box\">\r\n\t\t\t        \t\t\t\t            <h1 class=\"title-box\">Modelo de Gobierno<\/h1>\t\t\t            <p>Te asesoramos en implementar el modelo de gobierno acorde a la madurez de tu organizaci\u00f3n<\/p>\t\t\t        <\/div>\r\n\t\t\t    <\/div>\r\n\t\t    <\/div>\r\n\t\t    \t\t\t<div class=\"col-md-4 no-padding\">\r\n\t\t\t\t<div class=\"icon-box\">\r\n\t\t\t\t\t<div class=\"icon-main\">\r\n\t\t\t\t\t\t\t\t\t\t\t<\/div>\r\n\t\t\t        <div class=\"content-box\">\r\n\t\t\t        \t\t\t\t            <h1 class=\"title-box\">Dise\u00f1o e implementaci\u00f3n de Arquitectura RPA<\/h1>\t\t\t            <p>Asesoramos, dise\u00f1amos e implementamos por fases y de manera escalable la arquitectura necesaria para tu organizaci\u00f3n y en base a tu plan de automatizaci\u00f3n<\/p>\t\t\t        <\/div>\r\n\t\t\t    <\/div>\r\n\t\t    <\/div>\r\n\t\t    \t\t\t<div class=\"col-md-4 no-padding\">\r\n\t\t\t\t<div class=\"icon-box\">\r\n\t\t\t\t\t<div class=\"icon-main\">\r\n\t\t\t\t\t\t\t\t\t\t\t<\/div>\r\n\t\t\t        <div class=\"content-box\">\r\n\t\t\t        \t\t\t\t            <h1 class=\"title-box\">Venta de Licencias de Software RPA<\/h1>\t\t\t            <p>Como Partner de Uipath te asesoramos seg\u00fan tu plan de automatizaci\u00f3n, qu\u00e9 tipo de licencias son las necesarias para el proyecto que deseas implementar.<\/p>\t\t\t        <\/div>\r\n\t\t\t    <\/div>\r\n\t\t    <\/div>\r\n\t\t    \t\t\t<div class=\"col-md-4 no-padding\">\r\n\t\t\t\t<div class=\"icon-box\">\r\n\t\t\t\t\t<div class=\"icon-main\">\r\n\t\t\t\t\t\t\t\t\t\t\t<\/div>\r\n\t\t\t        <div class=\"content-box\">\r\n\t\t\t        \t\t\t\t            <h1 class=\"title-box\">An\u00e1lisis de factibilidad<\/h1>\t\t\t            <p>Nos apoyamos en las tareas de an\u00e1lisis t\u00e9cnico y an\u00e1lisis financiero de tus procesos candidatos. Asegurando una buena elecci\u00f3n y priorizaci\u00f3n de los RPA a desarrollar e implementar.<\/p>\t\t\t        <\/div>\r\n\t\t\t    <\/div>\r\n\t\t    <\/div>\r\n\t\t    \t\t\t<div class=\"col-md-4 no-padding\">\r\n\t\t\t\t<div class=\"icon-box\">\r\n\t\t\t\t\t<div class=\"icon-main\">\r\n\t\t\t\t\t\t\t\t\t\t\t<\/div>\r\n\t\t\t        <div class=\"content-box\">\r\n\t\t\t        \t\t\t\t            <h1 class=\"title-box\">Desarrollo de RPA<\/h1>\t\t\t            <p>Utilizando metodolog\u00edas \u00e1giles de desarrollo, nuestros expertos te ayudar\u00e1n a levantar, dise\u00f1ar, construir e implementar tus procesos para una mejor automatizaci\u00f3n.<\/p>\t\t\t        <\/div>\r\n\t\t\t    <\/div>\r\n\t\t    <\/div>\r\n\t\t    \t\t\t<div class=\"col-md-4 no-padding\">\r\n\t\t\t\t<div class=\"icon-box\">\r\n\t\t\t\t\t<div class=\"icon-main\">\r\n\t\t\t\t\t\t\t\t\t\t\t<\/div>\r\n\t\t\t        <div class=\"content-box\">\r\n\t\t\t        \t\t\t\t            <h1 class=\"title-box\">Servicio de Soporte<\/h1>\t\t\t            <p>Servicio de alta disponibilidad que act\u00faa como primera l\u00ednea de atenci\u00f3n y ayuda. Mantenemos tus robots en marcha, ofreciendo mantenimiento, soporte y mejora continua\n\n<\/p>\t\t\t        <\/div>\r\n\t\t\t    <\/div>\r\n\t\t    <\/div>\r\n\t\t    \t\t<\/div>\r\n\t    \t\t<\/div>\n\t\t\t\t<\/div>\n\t\t\t\t\t<\/div>\n\t\t<\/div>\n\t\t\t\t\t<\/div>\n\t\t<\/section>\n\t\t\t\t<section class=\"elementor-section elementor-top-section elementor-element elementor-element-ed15713 elementor-section-boxed elementor-section-height-default elementor-section-height-default\" data-id=\"ed15713\" data-element_type=\"section\">\n\t\t\t\t\t\t<div class=\"elementor-container elementor-column-gap-default\">\n\t\t\t\t\t<div class=\"elementor-column elementor-col-100 elementor-top-column elementor-element elementor-element-28e3b9b ot-flex-column-vertical\" data-id=\"28e3b9b\" data-element_type=\"column\">\n\t\t\t<div class=\"elementor-widget-wrap elementor-element-populated\">\n\t\t\t\t\t\t<div class=\"elementor-element elementor-element-0a273d9 elementor-widget elementor-widget-spacer\" data-id=\"0a273d9\" data-element_type=\"widget\" data-widget_type=\"spacer.default\">\n\t\t\t\t<div class=\"elementor-widget-container\">\n\t\t\t<style>\/*! elementor - v3.23.0 - 05-08-2024 *\/\n.elementor-column .elementor-spacer-inner{height:var(--spacer-size)}.e-con{--container-widget-width:100%}.e-con-inner>.elementor-widget-spacer,.e-con>.elementor-widget-spacer{width:var(--container-widget-width,var(--spacer-size));--align-self:var(--container-widget-align-self,initial);--flex-shrink:0}.e-con-inner>.elementor-widget-spacer>.elementor-widget-container,.e-con>.elementor-widget-spacer>.elementor-widget-container{height:100%;width:100%}.e-con-inner>.elementor-widget-spacer>.elementor-widget-container>.elementor-spacer,.e-con>.elementor-widget-spacer>.elementor-widget-container>.elementor-spacer{height:100%}.e-con-inner>.elementor-widget-spacer>.elementor-widget-container>.elementor-spacer>.elementor-spacer-inner,.e-con>.elementor-widget-spacer>.elementor-widget-container>.elementor-spacer>.elementor-spacer-inner{height:var(--container-widget-height,var(--spacer-size))}.e-con-inner>.elementor-widget-spacer.elementor-widget-empty,.e-con>.elementor-widget-spacer.elementor-widget-empty{position:relative;min-height:22px;min-width:22px}.e-con-inner>.elementor-widget-spacer.elementor-widget-empty .elementor-widget-empty-icon,.e-con>.elementor-widget-spacer.elementor-widget-empty .elementor-widget-empty-icon{position:absolute;top:0;bottom:0;left:0;right:0;margin:auto;padding:0;width:22px;height:22px}<\/style>\t\t<div class=\"elementor-spacer\">\n\t\t\t<div class=\"elementor-spacer-inner\"><\/div>\n\t\t<\/div>\n\t\t\t\t<\/div>\n\t\t\t\t<\/div>\n\t\t\t\t\t<\/div>\n\t\t<\/div>\n\t\t\t\t\t<\/div>\n\t\t<\/section>\n\t\t\t\t<\/div>\n\t\t","protected":false},"excerpt":{"rendered":"<p>Consultor\u00eda RPA \/ Hiper Automatizaci\u00f3n Unleash the human, analytical and creative potential of your organization. Do you want to automate processes to increase your efficiency and reduce costs? CONT\u00c1CTANOS AHORA Modelo de Gobierno Te asesoramos en implementar el modelo de gobierno acorde a la madurez de tu organizaci\u00f3n Dise\u00f1o e implementaci\u00f3n de Arquitectura RPA Asesoramos, [&hellip;]<\/p>\n","protected":false},"author":1,"featured_media":0,"parent":0,"menu_order":0,"comment_status":"closed","ping_status":"closed","template":"","meta":{"_monsterinsights_skip_tracking":false,"_monsterinsights_sitenote_active":false,"_monsterinsights_sitenote_note":"","_monsterinsights_sitenote_category":0,"_joinchat":[],"footnotes":""},"class_list":["post-3150","page","type-page","status-publish","hentry"],"aioseo_notices":[],"amp_enabled":true,"_links":{"self":[{"href":"https:\/\/sclconsultores.com\/en\/wp-json\/wp\/v2\/pages\/3150"}],"collection":[{"href":"https:\/\/sclconsultores.com\/en\/wp-json\/wp\/v2\/pages"}],"about":[{"href":"https:\/\/sclconsultores.com\/en\/wp-json\/wp\/v2\/types\/page"}],"author":[{"embeddable":true,"href":"https:\/\/sclconsultores.com\/en\/wp-json\/wp\/v2\/users\/1"}],"replies":[{"embeddable":true,"href":"https:\/\/sclconsultores.com\/en\/wp-json\/wp\/v2\/comments?post=3150"}],"version-history":[{"count":7,"href":"https:\/\/sclconsultores.com\/en\/wp-json\/wp\/v2\/pages\/3150\/revisions"}],"predecessor-version":[{"id":4519,"href":"https:\/\/sclconsultores.com\/en\/wp-json\/wp\/v2\/pages\/3150\/revisions\/4519"}],"wp:attachment":[{"href":"https:\/\/sclconsultores.com\/en\/wp-json\/wp\/v2\/media?parent=3150"}],"curies":[{"name":"wp","href":"https:\/\/api.w.org\/{rel}","templated":true}]}}